{"id":32,"date":"2020-04-13T11:18:50","date_gmt":"2020-04-13T11:18:50","guid":{"rendered":"https:\/\/tavco.fi\/main\/services\/"},"modified":"2025-02-18T13:05:58","modified_gmt":"2025-02-18T13:05:58","slug":"referenssit-2","status":"publish","type":"page","link":"https:\/\/tavco.fi\/main\/referenssit-2\/","title":{"rendered":"Referenssit"},"content":{"rendered":"\t\t<div data-elementor-type=\"wp-page\" data-elementor-id=\"32\" class=\"elementor elementor-32\">\n\t\t\t\t\t\t<section class=\"elementor-section elementor-top-section elementor-element elementor-element-1b0a5d33 elementor-section-boxed elementor-section-height-default elementor-section-height-default\" data-id=\"1b0a5d33\" data-element_type=\"section\" data-e-type=\"section\">\n\t\t\t\t\t\t\t<div class=\"elementor-background-overlay\"><\/div>\n\t\t\t\t\t\t\t<div class=\"elementor-container elementor-column-gap-default\">\n\t\t\t\t\t<div class=\"elementor-column elementor-col-100 elementor-top-column elementor-element elementor-element-1f841ba\" data-id=\"1f841ba\" data-element_type=\"column\" data-e-type=\"column\">\n\t\t\t<div class=\"elementor-widget-wrap elementor-element-populated\">\n\t\t\t\t\t\t<div class=\"elementor-element elementor-element-365ba0bd elementor-widget-mobile__width-initial elementor-widget elementor-widget-heading\" data-id=\"365ba0bd\" data-element_type=\"widget\" data-e-type=\"widget\" data-widget_type=\"heading.default\">\n\t\t\t\t<div class=\"elementor-widget-container\">\n\t\t\t\t\t<h1 class=\"elementor-heading-title elementor-size-default\">Referenssit<\/h1>\t\t\t\t<\/div>\n\t\t\t\t<\/div>\n\t\t\t\t\t<\/div>\n\t\t<\/div>\n\t\t\t\t\t<\/div>\n\t\t<\/section>\n\t\t\t\t<section class=\"elementor-section elementor-top-section elementor-element elementor-element-4d2c9e9 elementor-reverse-mobile elementor-section-boxed elementor-section-height-default elementor-section-height-default\" data-id=\"4d2c9e9\" data-element_type=\"section\" data-e-type=\"section\">\n\t\t\t\t\t\t<div class=\"elementor-container elementor-column-gap-no\">\n\t\t\t\t\t<div class=\"elementor-column elementor-col-50 elementor-top-column elementor-element elementor-element-1148300\" data-id=\"1148300\" data-element_type=\"column\" data-e-type=\"column\">\n\t\t\t<div class=\"elementor-widget-wrap elementor-element-populated\">\n\t\t\t\t\t\t<div class=\"elementor-element elementor-element-f142ca0 elementor-widget elementor-widget-image-box\" data-id=\"f142ca0\" data-element_type=\"widget\" data-e-type=\"widget\" data-widget_type=\"image-box.default\">\n\t\t\t\t<div class=\"elementor-widget-container\">\n\t\t\t\t\t<div class=\"elementor-image-box-wrapper\"><div class=\"elementor-image-box-content\"><h4 class=\"elementor-image-box-title\">\"Tavcon toiminnasta huokuu aito kiinnostus toimintaa ja asiakkaita kohtaan.\"<\/h4><p class=\"elementor-image-box-description\">- Korjaamop\u00e4\u00e4llikk\u00f6, VTA Tekniikka Pirkkala<\/p><\/div><\/div>\t\t\t\t<\/div>\n\t\t\t\t<\/div>\n\t\t\t\t\t<\/div>\n\t\t<\/div>\n\t\t\t\t<div class=\"elementor-column elementor-col-50 elementor-top-column elementor-element elementor-element-7285665\" data-id=\"7285665\" data-element_type=\"column\" data-e-type=\"column\">\n\t\t\t<div class=\"elementor-widget-wrap elementor-element-populated\">\n\t\t\t\t\t\t<div class=\"elementor-element elementor-element-508aa5f0 elementor-widget elementor-widget-image\" data-id=\"508aa5f0\" data-element_type=\"widget\" data-e-type=\"widget\" data-widget_type=\"image.default\">\n\t\t\t\t<div class=\"elementor-widget-container\">\n\t\t\t\t\t\t\t\t\t\t\t\t\t\t\t<img fetchpriority=\"high\" decoding=\"async\" width=\"500\" height=\"135\" src=\"https:\/\/tavco.fi\/main\/wp-content\/uploads\/2022\/04\/vtatekniikka_logo-1.webp\" class=\"attachment-large size-large wp-image-698\" alt=\"\" srcset=\"https:\/\/tavco.fi\/main\/wp-content\/uploads\/2022\/04\/vtatekniikka_logo-1.webp 500w, https:\/\/tavco.fi\/main\/wp-content\/uploads\/2022\/04\/vtatekniikka_logo-1-300x81.webp 300w\" sizes=\"(max-width: 500px) 100vw, 500px\" \/>\t\t\t\t\t\t\t\t\t\t\t\t\t\t\t<\/div>\n\t\t\t\t<\/div>\n\t\t\t\t\t<\/div>\n\t\t<\/div>\n\t\t\t\t\t<\/div>\n\t\t<\/section>\n\t\t\t\t<section class=\"elementor-section elementor-top-section elementor-element elementor-element-9e09982 elementor-section-boxed elementor-section-height-default elementor-section-height-default\" data-id=\"9e09982\" data-element_type=\"section\" data-e-type=\"section\">\n\t\t\t\t\t\t<div class=\"elementor-container elementor-column-gap-no\">\n\t\t\t\t\t<div class=\"elementor-column elementor-col-50 elementor-top-column elementor-element elementor-element-4b9de95\" data-id=\"4b9de95\" data-element_type=\"column\" data-e-type=\"column\">\n\t\t\t<div class=\"elementor-widget-wrap elementor-element-populated\">\n\t\t\t\t\t\t<div class=\"elementor-element elementor-element-1fab74e0 elementor-widget elementor-widget-image\" data-id=\"1fab74e0\" data-element_type=\"widget\" data-e-type=\"widget\" data-widget_type=\"image.default\">\n\t\t\t\t<div class=\"elementor-widget-container\">\n\t\t\t\t\t\t\t\t\t\t\t\t\t\t\t<img decoding=\"async\" width=\"275\" height=\"105\" src=\"https:\/\/tavco.fi\/main\/wp-content\/uploads\/2025\/02\/TKL2.png\" class=\"attachment-large size-large wp-image-1317\" alt=\"\" \/>\t\t\t\t\t\t\t\t\t\t\t\t\t\t\t<\/div>\n\t\t\t\t<\/div>\n\t\t\t\t\t<\/div>\n\t\t<\/div>\n\t\t\t\t<div class=\"elementor-column elementor-col-50 elementor-top-column elementor-element elementor-element-ddc17dc\" data-id=\"ddc17dc\" data-element_type=\"column\" data-e-type=\"column\">\n\t\t\t<div class=\"elementor-widget-wrap elementor-element-populated\">\n\t\t\t\t\t\t<div class=\"elementor-element elementor-element-5fd89a9 elementor-widget elementor-widget-image-box\" data-id=\"5fd89a9\" data-element_type=\"widget\" data-e-type=\"widget\" data-widget_type=\"image-box.default\">\n\t\t\t\t<div class=\"elementor-widget-container\">\n\t\t\t\t\t<div class=\"elementor-image-box-wrapper\"><div class=\"elementor-image-box-content\"><h4 class=\"elementor-image-box-title\">\"Palvelu toteutunut sovitusti. Olemme eritt\u00e4in tyytyv\u00e4isi\u00e4 Tavcon toimintatapaan.\"<\/h4><p class=\"elementor-image-box-description\">- Kalustomestari, Tampereen Kaupunkiliikenne Oy<\/p><\/div><\/div>\t\t\t\t<\/div>\n\t\t\t\t<\/div>\n\t\t\t\t\t<\/div>\n\t\t<\/div>\n\t\t\t\t\t<\/div>\n\t\t<\/section>\n\t\t\t\t<section class=\"elementor-section elementor-top-section elementor-element elementor-element-6027d0f elementor-reverse-mobile elementor-section-boxed elementor-section-height-default elementor-section-height-default\" data-id=\"6027d0f\" data-element_type=\"section\" data-e-type=\"section\">\n\t\t\t\t\t\t<div class=\"elementor-container elementor-column-gap-no\">\n\t\t\t\t\t<div class=\"elementor-column elementor-col-50 elementor-top-column elementor-element elementor-element-355c572\" data-id=\"355c572\" data-element_type=\"column\" data-e-type=\"column\">\n\t\t\t<div class=\"elementor-widget-wrap elementor-element-populated\">\n\t\t\t\t\t\t<div class=\"elementor-element elementor-element-feeaa45 elementor-widget elementor-widget-image-box\" data-id=\"feeaa45\" data-element_type=\"widget\" data-e-type=\"widget\" data-widget_type=\"image-box.default\">\n\t\t\t\t<div class=\"elementor-widget-container\">\n\t\t\t\t\t<div class=\"elementor-image-box-wrapper\"><div class=\"elementor-image-box-content\"><h4 class=\"elementor-image-box-title\">\"Luotettava ja toimiva palvelu\"<\/h4><p class=\"elementor-image-box-description\">- Vertex Systems Oy<\/p><\/div><\/div>\t\t\t\t<\/div>\n\t\t\t\t<\/div>\n\t\t\t\t\t<\/div>\n\t\t<\/div>\n\t\t\t\t<div class=\"elementor-column elementor-col-50 elementor-top-column elementor-element elementor-element-623a32c\" data-id=\"623a32c\" data-element_type=\"column\" data-e-type=\"column\">\n\t\t\t<div class=\"elementor-widget-wrap elementor-element-populated\">\n\t\t\t\t\t\t<div class=\"elementor-element elementor-element-628e670 elementor-widget elementor-widget-image\" data-id=\"628e670\" data-element_type=\"widget\" data-e-type=\"widget\" data-widget_type=\"image.default\">\n\t\t\t\t<div class=\"elementor-widget-container\">\n\t\t\t\t\t\t\t\t\t\t\t\t\t\t\t<img decoding=\"async\" width=\"1024\" height=\"366\" src=\"https:\/\/tavco.fi\/main\/wp-content\/uploads\/2022\/04\/VERTEXlogo_with_margins-1024x366.jpg\" class=\"attachment-large size-large wp-image-700\" alt=\"\" srcset=\"https:\/\/tavco.fi\/main\/wp-content\/uploads\/2022\/04\/VERTEXlogo_with_margins-1024x366.jpg 1024w, https:\/\/tavco.fi\/main\/wp-content\/uploads\/2022\/04\/VERTEXlogo_with_margins-300x107.jpg 300w, https:\/\/tavco.fi\/main\/wp-content\/uploads\/2022\/04\/VERTEXlogo_with_margins-768x274.jpg 768w, https:\/\/tavco.fi\/main\/wp-content\/uploads\/2022\/04\/VERTEXlogo_with_margins.jpg 1400w\" sizes=\"(max-width: 1024px) 100vw, 1024px\" \/>\t\t\t\t\t\t\t\t\t\t\t\t\t\t\t<\/div>\n\t\t\t\t<\/div>\n\t\t\t\t\t<\/div>\n\t\t<\/div>\n\t\t\t\t\t<\/div>\n\t\t<\/section>\n\t\t\t\t<\/div>\n\t\t","protected":false},"excerpt":{"rendered":"<p>Referenssit &#8221;Tavcon toiminnasta huokuu aito kiinnostus toimintaa ja asiakkaita kohtaan.&#8221; &#8211; Korjaamop\u00e4\u00e4llikk\u00f6, VTA Tekniikka Pirkkala &#8221;Palvelu toteutunut sovitusti. Olemme eritt\u00e4in tyytyv\u00e4isi\u00e4 Tavcon toimintatapaan.&#8221; &#8211; Kalustomestari, Tampereen Kaupunkiliikenne Oy &#8221;Luotettava ja toimiva palvelu&#8221; &#8211; Vertex Systems Oy<\/p>\n","protected":false},"author":1,"featured_media":0,"parent":0,"menu_order":0,"comment_status":"closed","ping_status":"closed","template":"","meta":{"site-sidebar-layout":"no-sidebar","site-content-layout":"page-builder","ast-main-header-display":"","ast-hfb-above-header-display":"","ast-hfb-below-header-display":"","ast-hfb-mobile-header-display":"","site-post-title":"disabled","ast-breadcrumbs-content":"","ast-featured-img":"","footer-sml-layout":"","theme-transparent-header-meta":"enabled","adv-header-id-meta":"","stick-header-meta":"","header-above-stick-meta":"","header-main-stick-meta":"","header-below-stick-meta":"","footnotes":""},"class_list":["post-32","page","type-page","status-publish","hentry"],"yoast_head":"<!-- This site is optimized with the Yoast SEO plugin v27.4 - https:\/\/yoast.com\/product\/yoast-seo-wordpress\/ -->\n<title>Referenssit - Tavco<\/title>\n<meta name=\"robots\" content=\"index, follow, max-snippet:-1, max-image-preview:large, max-video-preview:-1\" \/>\n<link rel=\"canonical\" href=\"https:\/\/tavco.fi\/main\/referenssit-2\/\" \/>\n<meta property=\"og:locale\" content=\"fi_FI\" \/>\n<meta property=\"og:type\" content=\"article\" \/>\n<meta property=\"og:title\" content=\"Referenssit - Tavco\" \/>\n<meta property=\"og:description\" content=\"Referenssit &#8221;Tavcon toiminnasta huokuu aito kiinnostus toimintaa ja asiakkaita kohtaan.&#8221; &#8211; Korjaamop\u00e4\u00e4llikk\u00f6, VTA Tekniikka Pirkkala &#8221;Palvelu toteutunut sovitusti. Olemme eritt\u00e4in tyytyv\u00e4isi\u00e4 Tavcon toimintatapaan.&#8221; &#8211; Kalustomestari, Tampereen Kaupunkiliikenne Oy &#8221;Luotettava ja toimiva palvelu&#8221; &#8211; Vertex Systems Oy\" \/>\n<meta property=\"og:url\" content=\"https:\/\/tavco.fi\/main\/referenssit-2\/\" \/>\n<meta property=\"og:site_name\" content=\"Tavco\" \/>\n<meta property=\"article:modified_time\" content=\"2025-02-18T13:05:58+00:00\" \/>\n<meta property=\"og:image\" content=\"https:\/\/tavco.fi\/main\/wp-content\/uploads\/2022\/04\/vtatekniikka_logo-1.webp\" \/>\n\t<meta property=\"og:image:width\" content=\"500\" \/>\n\t<meta property=\"og:image:height\" content=\"135\" \/>\n\t<meta property=\"og:image:type\" content=\"image\/webp\" \/>\n<meta name=\"twitter:card\" content=\"summary_large_image\" \/>\n<meta name=\"twitter:label1\" content=\"Arvioitu lukuaika\" \/>\n\t<meta name=\"twitter:data1\" content=\"1 minuutti\" \/>\n<script type=\"application\/ld+json\" class=\"yoast-schema-graph\">{\"@context\":\"https:\\\/\\\/schema.org\",\"@graph\":[{\"@type\":\"WebPage\",\"@id\":\"https:\\\/\\\/tavco.fi\\\/main\\\/referenssit-2\\\/\",\"url\":\"https:\\\/\\\/tavco.fi\\\/main\\\/referenssit-2\\\/\",\"name\":\"Referenssit - Tavco\",\"isPartOf\":{\"@id\":\"https:\\\/\\\/tavco.fi\\\/main\\\/#website\"},\"primaryImageOfPage\":{\"@id\":\"https:\\\/\\\/tavco.fi\\\/main\\\/referenssit-2\\\/#primaryimage\"},\"image\":{\"@id\":\"https:\\\/\\\/tavco.fi\\\/main\\\/referenssit-2\\\/#primaryimage\"},\"thumbnailUrl\":\"https:\\\/\\\/tavco.fi\\\/main\\\/wp-content\\\/uploads\\\/2022\\\/04\\\/vtatekniikka_logo-1.webp\",\"datePublished\":\"2020-04-13T11:18:50+00:00\",\"dateModified\":\"2025-02-18T13:05:58+00:00\",\"breadcrumb\":{\"@id\":\"https:\\\/\\\/tavco.fi\\\/main\\\/referenssit-2\\\/#breadcrumb\"},\"inLanguage\":\"fi\",\"potentialAction\":[{\"@type\":\"ReadAction\",\"target\":[\"https:\\\/\\\/tavco.fi\\\/main\\\/referenssit-2\\\/\"]}]},{\"@type\":\"ImageObject\",\"inLanguage\":\"fi\",\"@id\":\"https:\\\/\\\/tavco.fi\\\/main\\\/referenssit-2\\\/#primaryimage\",\"url\":\"https:\\\/\\\/tavco.fi\\\/main\\\/wp-content\\\/uploads\\\/2022\\\/04\\\/vtatekniikka_logo-1.webp\",\"contentUrl\":\"https:\\\/\\\/tavco.fi\\\/main\\\/wp-content\\\/uploads\\\/2022\\\/04\\\/vtatekniikka_logo-1.webp\",\"width\":500,\"height\":135},{\"@type\":\"BreadcrumbList\",\"@id\":\"https:\\\/\\\/tavco.fi\\\/main\\\/referenssit-2\\\/#breadcrumb\",\"itemListElement\":[{\"@type\":\"ListItem\",\"position\":1,\"name\":\"Home\",\"item\":\"https:\\\/\\\/tavco.fi\\\/main\\\/\"},{\"@type\":\"ListItem\",\"position\":2,\"name\":\"Referenssit\"}]},{\"@type\":\"WebSite\",\"@id\":\"https:\\\/\\\/tavco.fi\\\/main\\\/#website\",\"url\":\"https:\\\/\\\/tavco.fi\\\/main\\\/\",\"name\":\"Tavco\",\"description\":\"Siivouspalvelu\",\"publisher\":{\"@id\":\"https:\\\/\\\/tavco.fi\\\/main\\\/#organization\"},\"potentialAction\":[{\"@type\":\"SearchAction\",\"target\":{\"@type\":\"EntryPoint\",\"urlTemplate\":\"https:\\\/\\\/tavco.fi\\\/main\\\/?s={search_term_string}\"},\"query-input\":{\"@type\":\"PropertyValueSpecification\",\"valueRequired\":true,\"valueName\":\"search_term_string\"}}],\"inLanguage\":\"fi\"},{\"@type\":\"Organization\",\"@id\":\"https:\\\/\\\/tavco.fi\\\/main\\\/#organization\",\"name\":\"Tavco\",\"url\":\"https:\\\/\\\/tavco.fi\\\/main\\\/\",\"logo\":{\"@type\":\"ImageObject\",\"inLanguage\":\"fi\",\"@id\":\"https:\\\/\\\/tavco.fi\\\/main\\\/#\\\/schema\\\/logo\\\/image\\\/\",\"url\":\"https:\\\/\\\/tavco.fi\\\/main\\\/wp-content\\\/uploads\\\/2022\\\/04\\\/TavcoLogo_6.10.2021-1.png\",\"contentUrl\":\"https:\\\/\\\/tavco.fi\\\/main\\\/wp-content\\\/uploads\\\/2022\\\/04\\\/TavcoLogo_6.10.2021-1.png\",\"width\":1199,\"height\":493,\"caption\":\"Tavco\"},\"image\":{\"@id\":\"https:\\\/\\\/tavco.fi\\\/main\\\/#\\\/schema\\\/logo\\\/image\\\/\"}}]}<\/script>\n<!-- \/ Yoast SEO plugin. -->","yoast_head_json":{"title":"Referenssit - Tavco","robots":{"index":"index","follow":"follow","max-snippet":"max-snippet:-1","max-image-preview":"max-image-preview:large","max-video-preview":"max-video-preview:-1"},"canonical":"https:\/\/tavco.fi\/main\/referenssit-2\/","og_locale":"fi_FI","og_type":"article","og_title":"Referenssit - Tavco","og_description":"Referenssit &#8221;Tavcon toiminnasta huokuu aito kiinnostus toimintaa ja asiakkaita kohtaan.&#8221; &#8211; Korjaamop\u00e4\u00e4llikk\u00f6, VTA Tekniikka Pirkkala &#8221;Palvelu toteutunut sovitusti. Olemme eritt\u00e4in tyytyv\u00e4isi\u00e4 Tavcon toimintatapaan.&#8221; &#8211; Kalustomestari, Tampereen Kaupunkiliikenne Oy &#8221;Luotettava ja toimiva palvelu&#8221; &#8211; Vertex Systems Oy","og_url":"https:\/\/tavco.fi\/main\/referenssit-2\/","og_site_name":"Tavco","article_modified_time":"2025-02-18T13:05:58+00:00","og_image":[{"width":500,"height":135,"url":"https:\/\/tavco.fi\/main\/wp-content\/uploads\/2022\/04\/vtatekniikka_logo-1.webp","type":"image\/webp"}],"twitter_card":"summary_large_image","twitter_misc":{"Arvioitu lukuaika":"1 minuutti"},"schema":{"@context":"https:\/\/schema.org","@graph":[{"@type":"WebPage","@id":"https:\/\/tavco.fi\/main\/referenssit-2\/","url":"https:\/\/tavco.fi\/main\/referenssit-2\/","name":"Referenssit - Tavco","isPartOf":{"@id":"https:\/\/tavco.fi\/main\/#website"},"primaryImageOfPage":{"@id":"https:\/\/tavco.fi\/main\/referenssit-2\/#primaryimage"},"image":{"@id":"https:\/\/tavco.fi\/main\/referenssit-2\/#primaryimage"},"thumbnailUrl":"https:\/\/tavco.fi\/main\/wp-content\/uploads\/2022\/04\/vtatekniikka_logo-1.webp","datePublished":"2020-04-13T11:18:50+00:00","dateModified":"2025-02-18T13:05:58+00:00","breadcrumb":{"@id":"https:\/\/tavco.fi\/main\/referenssit-2\/#breadcrumb"},"inLanguage":"fi","potentialAction":[{"@type":"ReadAction","target":["https:\/\/tavco.fi\/main\/referenssit-2\/"]}]},{"@type":"ImageObject","inLanguage":"fi","@id":"https:\/\/tavco.fi\/main\/referenssit-2\/#primaryimage","url":"https:\/\/tavco.fi\/main\/wp-content\/uploads\/2022\/04\/vtatekniikka_logo-1.webp","contentUrl":"https:\/\/tavco.fi\/main\/wp-content\/uploads\/2022\/04\/vtatekniikka_logo-1.webp","width":500,"height":135},{"@type":"BreadcrumbList","@id":"https:\/\/tavco.fi\/main\/referenssit-2\/#breadcrumb","itemListElement":[{"@type":"ListItem","position":1,"name":"Home","item":"https:\/\/tavco.fi\/main\/"},{"@type":"ListItem","position":2,"name":"Referenssit"}]},{"@type":"WebSite","@id":"https:\/\/tavco.fi\/main\/#website","url":"https:\/\/tavco.fi\/main\/","name":"Tavco","description":"Siivouspalvelu","publisher":{"@id":"https:\/\/tavco.fi\/main\/#organization"},"potentialAction":[{"@type":"SearchAction","target":{"@type":"EntryPoint","urlTemplate":"https:\/\/tavco.fi\/main\/?s={search_term_string}"},"query-input":{"@type":"PropertyValueSpecification","valueRequired":true,"valueName":"search_term_string"}}],"inLanguage":"fi"},{"@type":"Organization","@id":"https:\/\/tavco.fi\/main\/#organization","name":"Tavco","url":"https:\/\/tavco.fi\/main\/","logo":{"@type":"ImageObject","inLanguage":"fi","@id":"https:\/\/tavco.fi\/main\/#\/schema\/logo\/image\/","url":"https:\/\/tavco.fi\/main\/wp-content\/uploads\/2022\/04\/TavcoLogo_6.10.2021-1.png","contentUrl":"https:\/\/tavco.fi\/main\/wp-content\/uploads\/2022\/04\/TavcoLogo_6.10.2021-1.png","width":1199,"height":493,"caption":"Tavco"},"image":{"@id":"https:\/\/tavco.fi\/main\/#\/schema\/logo\/image\/"}}]}},"_links":{"self":[{"href":"https:\/\/tavco.fi\/main\/wp-json\/wp\/v2\/pages\/32","targetHints":{"allow":["GET"]}}],"collection":[{"href":"https:\/\/tavco.fi\/main\/wp-json\/wp\/v2\/pages"}],"about":[{"href":"https:\/\/tavco.fi\/main\/wp-json\/wp\/v2\/types\/page"}],"author":[{"embeddable":true,"href":"https:\/\/tavco.fi\/main\/wp-json\/wp\/v2\/users\/1"}],"replies":[{"embeddable":true,"href":"https:\/\/tavco.fi\/main\/wp-json\/wp\/v2\/comments?post=32"}],"version-history":[{"count":31,"href":"https:\/\/tavco.fi\/main\/wp-json\/wp\/v2\/pages\/32\/revisions"}],"predecessor-version":[{"id":1322,"href":"https:\/\/tavco.fi\/main\/wp-json\/wp\/v2\/pages\/32\/revisions\/1322"}],"wp:attachment":[{"href":"https:\/\/tavco.fi\/main\/wp-json\/wp\/v2\/media?parent=32"}],"curies":[{"name":"wp","href":"https:\/\/api.w.org\/{rel}","templated":true}]}}