{"id":33,"date":"2020-04-13T11:18:48","date_gmt":"2020-04-13T11:18:48","guid":{"rendered":"https:\/\/tavco.fi\/main\/contact\/"},"modified":"2024-01-27T10:16:04","modified_gmt":"2024-01-27T10:16:04","slug":"tyopaikat","status":"publish","type":"page","link":"https:\/\/tavco.fi\/main\/tyopaikat\/","title":{"rendered":"Ty\u00f6paikat"},"content":{"rendered":"\t\t<div data-elementor-type=\"wp-page\" data-elementor-id=\"33\" class=\"elementor elementor-33\">\n\t\t\t\t\t\t<section class=\"elementor-section elementor-top-section elementor-element elementor-element-ede6f42 elementor-section-boxed elementor-section-height-default elementor-section-height-default\" data-id=\"ede6f42\" data-element_type=\"section\" data-e-type=\"section\">\n\t\t\t\t\t\t\t<div class=\"elementor-background-overlay\"><\/div>\n\t\t\t\t\t\t\t<div class=\"elementor-container elementor-column-gap-default\">\n\t\t\t\t\t<div class=\"elementor-column elementor-col-100 elementor-top-column elementor-element elementor-element-bc6a053\" data-id=\"bc6a053\" data-element_type=\"column\" data-e-type=\"column\">\n\t\t\t<div class=\"elementor-widget-wrap elementor-element-populated\">\n\t\t\t\t\t\t<div class=\"elementor-element elementor-element-32a6ad1b elementor-widget elementor-widget-heading\" data-id=\"32a6ad1b\" data-element_type=\"widget\" data-e-type=\"widget\" data-widget_type=\"heading.default\">\n\t\t\t\t<div class=\"elementor-widget-container\">\n\t\t\t\t\t<h1 class=\"elementor-heading-title elementor-size-default\">Ty\u00f6paikat<\/h1>\t\t\t\t<\/div>\n\t\t\t\t<\/div>\n\t\t\t\t\t<\/div>\n\t\t<\/div>\n\t\t\t\t\t<\/div>\n\t\t<\/section>\n\t\t\t\t<section class=\"elementor-section elementor-top-section elementor-element elementor-element-5ac0b29 elementor-section-boxed elementor-section-height-default elementor-section-height-default\" data-id=\"5ac0b29\" data-element_type=\"section\" data-e-type=\"section\">\n\t\t\t\t\t\t<div class=\"elementor-container elementor-column-gap-default\">\n\t\t\t\t\t<div class=\"elementor-column elementor-col-100 elementor-top-column elementor-element elementor-element-9927456\" data-id=\"9927456\" data-element_type=\"column\" data-e-type=\"column\">\n\t\t\t<div class=\"elementor-widget-wrap elementor-element-populated\">\n\t\t\t\t\t\t<div class=\"elementor-element elementor-element-df04611 elementor-widget elementor-widget-spacer\" data-id=\"df04611\" data-element_type=\"widget\" data-e-type=\"widget\" data-widget_type=\"spacer.default\">\n\t\t\t\t<div class=\"elementor-widget-container\">\n\t\t\t\t\t\t\t<div class=\"elementor-spacer\">\n\t\t\t<div class=\"elementor-spacer-inner\"><\/div>\n\t\t<\/div>\n\t\t\t\t\t\t<\/div>\n\t\t\t\t<\/div>\n\t\t\t\t<div class=\"elementor-element elementor-element-a61108c elementor-widget elementor-widget-heading\" data-id=\"a61108c\" data-element_type=\"widget\" data-e-type=\"widget\" data-widget_type=\"heading.default\">\n\t\t\t\t<div class=\"elementor-widget-container\">\n\t\t\t\t\t<h4 class=\"elementor-heading-title elementor-size-default\">Tule meille t\u00f6ihin<\/h4>\t\t\t\t<\/div>\n\t\t\t\t<\/div>\n\t\t\t\t\t<\/div>\n\t\t<\/div>\n\t\t\t\t\t<\/div>\n\t\t<\/section>\n\t\t\t\t<section class=\"elementor-section elementor-top-section elementor-element elementor-element-0e77772 elementor-section-boxed elementor-section-height-default elementor-section-height-default\" data-id=\"0e77772\" data-element_type=\"section\" data-e-type=\"section\">\n\t\t\t\t\t\t<div class=\"elementor-container elementor-column-gap-default\">\n\t\t\t\t\t<div class=\"elementor-column elementor-col-100 elementor-top-column elementor-element elementor-element-b491e9a\" data-id=\"b491e9a\" data-element_type=\"column\" data-e-type=\"column\">\n\t\t\t<div class=\"elementor-widget-wrap elementor-element-populated\">\n\t\t\t\t\t\t<div class=\"elementor-element elementor-element-b665645 elementor-widget elementor-widget-heading\" data-id=\"b665645\" data-element_type=\"widget\" data-e-type=\"widget\" data-widget_type=\"heading.default\">\n\t\t\t\t<div class=\"elementor-widget-container\">\n\t\t\t\t\t<span class=\"elementor-heading-title elementor-size-default\">Meill\u00e4 ei t\u00e4ll\u00e4 hetkell\u00e4 ole avoimia paikkoja vapaana. J\u00e4t\u00e4th\u00e4n avoimen hakemuksen osoitteeseen rekry@tavco.fi ja otamme sinuun yhteytt\u00e4 ty\u00f6teht\u00e4vi\u00e4 t\u00e4ytt\u00e4ess\u00e4mme. Hakemuksesi on voimassa kuuden kuukauden ajan.<\/span>\t\t\t\t<\/div>\n\t\t\t\t<\/div>\n\t\t\t\t\t<\/div>\n\t\t<\/div>\n\t\t\t\t\t<\/div>\n\t\t<\/section>\n\t\t\t\t<\/div>\n\t\t","protected":false},"excerpt":{"rendered":"<p>Ty\u00f6paikat Tule meille t\u00f6ihin Meill\u00e4 ei t\u00e4ll\u00e4 hetkell\u00e4 ole avoimia paikkoja vapaana. J\u00e4t\u00e4th\u00e4n avoimen hakemuksen osoitteeseen rekry@tavco.fi ja otamme sinuun yhteytt\u00e4 ty\u00f6teht\u00e4vi\u00e4 t\u00e4ytt\u00e4ess\u00e4mme. Hakemuksesi on voimassa kuuden kuukauden ajan.<\/p>\n","protected":false},"author":1,"featured_media":0,"parent":0,"menu_order":0,"comment_status":"closed","ping_status":"closed","template":"","meta":{"site-sidebar-layout":"no-sidebar","site-content-layout":"page-builder","ast-main-header-display":"","ast-hfb-above-header-display":"","ast-hfb-below-header-display":"","ast-hfb-mobile-header-display":"","site-post-title":"disabled","ast-breadcrumbs-content":"","ast-featured-img":"","footer-sml-layout":"","theme-transparent-header-meta":"enabled","adv-header-id-meta":"","stick-header-meta":"","header-above-stick-meta":"","header-main-stick-meta":"","header-below-stick-meta":"","footnotes":""},"class_list":["post-33","page","type-page","status-publish","hentry"],"yoast_head":"<!-- This site is optimized with the Yoast SEO plugin v27.4 - https:\/\/yoast.com\/product\/yoast-seo-wordpress\/ -->\n<title>Ty\u00f6paikat - Tavco<\/title>\n<meta name=\"robots\" content=\"index, follow, max-snippet:-1, max-image-preview:large, max-video-preview:-1\" \/>\n<link rel=\"canonical\" href=\"https:\/\/tavco.fi\/main\/tyopaikat\/\" \/>\n<meta property=\"og:locale\" content=\"fi_FI\" \/>\n<meta property=\"og:type\" content=\"article\" \/>\n<meta property=\"og:title\" content=\"Ty\u00f6paikat - Tavco\" \/>\n<meta property=\"og:description\" content=\"Ty\u00f6paikat Tule meille t\u00f6ihin Meill\u00e4 ei t\u00e4ll\u00e4 hetkell\u00e4 ole avoimia paikkoja vapaana. J\u00e4t\u00e4th\u00e4n avoimen hakemuksen osoitteeseen rekry@tavco.fi ja otamme sinuun yhteytt\u00e4 ty\u00f6teht\u00e4vi\u00e4 t\u00e4ytt\u00e4ess\u00e4mme. Hakemuksesi on voimassa kuuden kuukauden ajan.\" \/>\n<meta property=\"og:url\" content=\"https:\/\/tavco.fi\/main\/tyopaikat\/\" \/>\n<meta property=\"og:site_name\" content=\"Tavco\" \/>\n<meta property=\"article:modified_time\" content=\"2024-01-27T10:16:04+00:00\" \/>\n<meta name=\"twitter:card\" content=\"summary_large_image\" \/>\n<meta name=\"twitter:label1\" content=\"Arvioitu lukuaika\" \/>\n\t<meta name=\"twitter:data1\" content=\"1 minuutti\" \/>\n<script type=\"application\/ld+json\" class=\"yoast-schema-graph\">{\"@context\":\"https:\\\/\\\/schema.org\",\"@graph\":[{\"@type\":\"WebPage\",\"@id\":\"https:\\\/\\\/tavco.fi\\\/main\\\/tyopaikat\\\/\",\"url\":\"https:\\\/\\\/tavco.fi\\\/main\\\/tyopaikat\\\/\",\"name\":\"Ty\u00f6paikat - Tavco\",\"isPartOf\":{\"@id\":\"https:\\\/\\\/tavco.fi\\\/main\\\/#website\"},\"datePublished\":\"2020-04-13T11:18:48+00:00\",\"dateModified\":\"2024-01-27T10:16:04+00:00\",\"breadcrumb\":{\"@id\":\"https:\\\/\\\/tavco.fi\\\/main\\\/tyopaikat\\\/#breadcrumb\"},\"inLanguage\":\"fi\",\"potentialAction\":[{\"@type\":\"ReadAction\",\"target\":[\"https:\\\/\\\/tavco.fi\\\/main\\\/tyopaikat\\\/\"]}]},{\"@type\":\"BreadcrumbList\",\"@id\":\"https:\\\/\\\/tavco.fi\\\/main\\\/tyopaikat\\\/#breadcrumb\",\"itemListElement\":[{\"@type\":\"ListItem\",\"position\":1,\"name\":\"Home\",\"item\":\"https:\\\/\\\/tavco.fi\\\/main\\\/\"},{\"@type\":\"ListItem\",\"position\":2,\"name\":\"Ty\u00f6paikat\"}]},{\"@type\":\"WebSite\",\"@id\":\"https:\\\/\\\/tavco.fi\\\/main\\\/#website\",\"url\":\"https:\\\/\\\/tavco.fi\\\/main\\\/\",\"name\":\"Tavco\",\"description\":\"Siivouspalvelu\",\"publisher\":{\"@id\":\"https:\\\/\\\/tavco.fi\\\/main\\\/#organization\"},\"potentialAction\":[{\"@type\":\"SearchAction\",\"target\":{\"@type\":\"EntryPoint\",\"urlTemplate\":\"https:\\\/\\\/tavco.fi\\\/main\\\/?s={search_term_string}\"},\"query-input\":{\"@type\":\"PropertyValueSpecification\",\"valueRequired\":true,\"valueName\":\"search_term_string\"}}],\"inLanguage\":\"fi\"},{\"@type\":\"Organization\",\"@id\":\"https:\\\/\\\/tavco.fi\\\/main\\\/#organization\",\"name\":\"Tavco\",\"url\":\"https:\\\/\\\/tavco.fi\\\/main\\\/\",\"logo\":{\"@type\":\"ImageObject\",\"inLanguage\":\"fi\",\"@id\":\"https:\\\/\\\/tavco.fi\\\/main\\\/#\\\/schema\\\/logo\\\/image\\\/\",\"url\":\"https:\\\/\\\/tavco.fi\\\/main\\\/wp-content\\\/uploads\\\/2022\\\/04\\\/TavcoLogo_6.10.2021-1.png\",\"contentUrl\":\"https:\\\/\\\/tavco.fi\\\/main\\\/wp-content\\\/uploads\\\/2022\\\/04\\\/TavcoLogo_6.10.2021-1.png\",\"width\":1199,\"height\":493,\"caption\":\"Tavco\"},\"image\":{\"@id\":\"https:\\\/\\\/tavco.fi\\\/main\\\/#\\\/schema\\\/logo\\\/image\\\/\"}}]}<\/script>\n<!-- \/ Yoast SEO plugin. -->","yoast_head_json":{"title":"Ty\u00f6paikat - Tavco","robots":{"index":"index","follow":"follow","max-snippet":"max-snippet:-1","max-image-preview":"max-image-preview:large","max-video-preview":"max-video-preview:-1"},"canonical":"https:\/\/tavco.fi\/main\/tyopaikat\/","og_locale":"fi_FI","og_type":"article","og_title":"Ty\u00f6paikat - Tavco","og_description":"Ty\u00f6paikat Tule meille t\u00f6ihin Meill\u00e4 ei t\u00e4ll\u00e4 hetkell\u00e4 ole avoimia paikkoja vapaana. J\u00e4t\u00e4th\u00e4n avoimen hakemuksen osoitteeseen rekry@tavco.fi ja otamme sinuun yhteytt\u00e4 ty\u00f6teht\u00e4vi\u00e4 t\u00e4ytt\u00e4ess\u00e4mme. Hakemuksesi on voimassa kuuden kuukauden ajan.","og_url":"https:\/\/tavco.fi\/main\/tyopaikat\/","og_site_name":"Tavco","article_modified_time":"2024-01-27T10:16:04+00:00","twitter_card":"summary_large_image","twitter_misc":{"Arvioitu lukuaika":"1 minuutti"},"schema":{"@context":"https:\/\/schema.org","@graph":[{"@type":"WebPage","@id":"https:\/\/tavco.fi\/main\/tyopaikat\/","url":"https:\/\/tavco.fi\/main\/tyopaikat\/","name":"Ty\u00f6paikat - Tavco","isPartOf":{"@id":"https:\/\/tavco.fi\/main\/#website"},"datePublished":"2020-04-13T11:18:48+00:00","dateModified":"2024-01-27T10:16:04+00:00","breadcrumb":{"@id":"https:\/\/tavco.fi\/main\/tyopaikat\/#breadcrumb"},"inLanguage":"fi","potentialAction":[{"@type":"ReadAction","target":["https:\/\/tavco.fi\/main\/tyopaikat\/"]}]},{"@type":"BreadcrumbList","@id":"https:\/\/tavco.fi\/main\/tyopaikat\/#breadcrumb","itemListElement":[{"@type":"ListItem","position":1,"name":"Home","item":"https:\/\/tavco.fi\/main\/"},{"@type":"ListItem","position":2,"name":"Ty\u00f6paikat"}]},{"@type":"WebSite","@id":"https:\/\/tavco.fi\/main\/#website","url":"https:\/\/tavco.fi\/main\/","name":"Tavco","description":"Siivouspalvelu","publisher":{"@id":"https:\/\/tavco.fi\/main\/#organization"},"potentialAction":[{"@type":"SearchAction","target":{"@type":"EntryPoint","urlTemplate":"https:\/\/tavco.fi\/main\/?s={search_term_string}"},"query-input":{"@type":"PropertyValueSpecification","valueRequired":true,"valueName":"search_term_string"}}],"inLanguage":"fi"},{"@type":"Organization","@id":"https:\/\/tavco.fi\/main\/#organization","name":"Tavco","url":"https:\/\/tavco.fi\/main\/","logo":{"@type":"ImageObject","inLanguage":"fi","@id":"https:\/\/tavco.fi\/main\/#\/schema\/logo\/image\/","url":"https:\/\/tavco.fi\/main\/wp-content\/uploads\/2022\/04\/TavcoLogo_6.10.2021-1.png","contentUrl":"https:\/\/tavco.fi\/main\/wp-content\/uploads\/2022\/04\/TavcoLogo_6.10.2021-1.png","width":1199,"height":493,"caption":"Tavco"},"image":{"@id":"https:\/\/tavco.fi\/main\/#\/schema\/logo\/image\/"}}]}},"_links":{"self":[{"href":"https:\/\/tavco.fi\/main\/wp-json\/wp\/v2\/pages\/33","targetHints":{"allow":["GET"]}}],"collection":[{"href":"https:\/\/tavco.fi\/main\/wp-json\/wp\/v2\/pages"}],"about":[{"href":"https:\/\/tavco.fi\/main\/wp-json\/wp\/v2\/types\/page"}],"author":[{"embeddable":true,"href":"https:\/\/tavco.fi\/main\/wp-json\/wp\/v2\/users\/1"}],"replies":[{"embeddable":true,"href":"https:\/\/tavco.fi\/main\/wp-json\/wp\/v2\/comments?post=33"}],"version-history":[{"count":33,"href":"https:\/\/tavco.fi\/main\/wp-json\/wp\/v2\/pages\/33\/revisions"}],"predecessor-version":[{"id":1292,"href":"https:\/\/tavco.fi\/main\/wp-json\/wp\/v2\/pages\/33\/revisions\/1292"}],"wp:attachment":[{"href":"https:\/\/tavco.fi\/main\/wp-json\/wp\/v2\/media?parent=33"}],"curies":[{"name":"wp","href":"https:\/\/api.w.org\/{rel}","templated":true}]}}