{"id":403,"date":"2022-04-06T11:12:02","date_gmt":"2022-04-06T11:12:02","guid":{"rendered":"https:\/\/tavco.fi\/main\/?page_id=403"},"modified":"2026-03-02T21:55:05","modified_gmt":"2026-03-02T21:55:05","slug":"yhteys","status":"publish","type":"page","link":"https:\/\/tavco.fi\/main\/yhteys\/","title":{"rendered":"Yhteys"},"content":{"rendered":"\t\t<div data-elementor-type=\"wp-page\" data-elementor-id=\"403\" class=\"elementor elementor-403\">\n\t\t\t\t\t\t<section class=\"elementor-section elementor-top-section elementor-element elementor-element-7e50865 elementor-section-boxed elementor-section-height-default elementor-section-height-default\" data-id=\"7e50865\" data-element_type=\"section\" data-e-type=\"section\">\n\t\t\t\t\t\t\t<div class=\"elementor-background-overlay\"><\/div>\n\t\t\t\t\t\t\t<div class=\"elementor-container elementor-column-gap-default\">\n\t\t\t\t\t<div class=\"elementor-column elementor-col-100 elementor-top-column elementor-element elementor-element-8940e37\" data-id=\"8940e37\" data-element_type=\"column\" data-e-type=\"column\">\n\t\t\t<div class=\"elementor-widget-wrap elementor-element-populated\">\n\t\t\t\t\t\t<div class=\"elementor-element elementor-element-bb6dc49 elementor-widget elementor-widget-heading\" data-id=\"bb6dc49\" data-element_type=\"widget\" data-e-type=\"widget\" data-widget_type=\"heading.default\">\n\t\t\t\t<div class=\"elementor-widget-container\">\n\t\t\t\t\t<h1 class=\"elementor-heading-title elementor-size-default\">Yhteys<\/h1>\t\t\t\t<\/div>\n\t\t\t\t<\/div>\n\t\t\t\t\t<\/div>\n\t\t<\/div>\n\t\t\t\t\t<\/div>\n\t\t<\/section>\n\t\t\t\t<section class=\"elementor-section elementor-top-section elementor-element elementor-element-f45d71a elementor-section-boxed elementor-section-height-default elementor-section-height-default\" data-id=\"f45d71a\" data-element_type=\"section\" data-e-type=\"section\" data-settings=\"{&quot;background_background&quot;:&quot;classic&quot;}\">\n\t\t\t\t\t\t<div class=\"elementor-container elementor-column-gap-default\">\n\t\t\t\t\t<div class=\"elementor-column elementor-col-100 elementor-top-column elementor-element elementor-element-216b312\" data-id=\"216b312\" data-element_type=\"column\" data-e-type=\"column\">\n\t\t\t<div class=\"elementor-widget-wrap elementor-element-populated\">\n\t\t\t\t\t\t<section class=\"elementor-section elementor-inner-section elementor-element elementor-element-47ff7d2 elementor-section-boxed elementor-section-height-default elementor-section-height-default\" data-id=\"47ff7d2\" data-element_type=\"section\" data-e-type=\"section\">\n\t\t\t\t\t\t<div class=\"elementor-container elementor-column-gap-default\">\n\t\t\t\t\t<div class=\"elementor-column elementor-col-50 elementor-inner-column elementor-element elementor-element-65c4320\" data-id=\"65c4320\" data-element_type=\"column\" data-e-type=\"column\">\n\t\t\t<div class=\"elementor-widget-wrap elementor-element-populated\">\n\t\t\t\t\t\t<div class=\"elementor-element elementor-element-5bc26d1 elementor-position-top elementor-widget elementor-widget-image-box\" data-id=\"5bc26d1\" data-element_type=\"widget\" data-e-type=\"widget\" data-widget_type=\"image-box.default\">\n\t\t\t\t<div class=\"elementor-widget-container\">\n\t\t\t\t\t<div class=\"elementor-image-box-wrapper\"><figure class=\"elementor-image-box-img\"><img fetchpriority=\"high\" decoding=\"async\" width=\"902\" height=\"903\" src=\"https:\/\/tavco.fi\/main\/wp-content\/uploads\/2022\/04\/turokarnistohenkilokuva124-1.png\" class=\"attachment-full size-full wp-image-747\" alt=\"\" srcset=\"https:\/\/tavco.fi\/main\/wp-content\/uploads\/2022\/04\/turokarnistohenkilokuva124-1.png 902w, https:\/\/tavco.fi\/main\/wp-content\/uploads\/2022\/04\/turokarnistohenkilokuva124-1-300x300.png 300w, https:\/\/tavco.fi\/main\/wp-content\/uploads\/2022\/04\/turokarnistohenkilokuva124-1-150x150.png 150w, https:\/\/tavco.fi\/main\/wp-content\/uploads\/2022\/04\/turokarnistohenkilokuva124-1-768x769.png 768w\" sizes=\"(max-width: 902px) 100vw, 902px\" \/><\/figure><div class=\"elementor-image-box-content\"><h3 class=\"elementor-image-box-title\">Turo Karnisto<\/h3><p class=\"elementor-image-box-description\">TJ, TUOTANTO JA ASIAKKUUDET<br>Puh. 040 071 9304<br>turo.karnisto@tavco.fi<\/p><\/div><\/div>\t\t\t\t<\/div>\n\t\t\t\t<\/div>\n\t\t\t\t\t<\/div>\n\t\t<\/div>\n\t\t\t\t<div class=\"elementor-column elementor-col-50 elementor-inner-column elementor-element elementor-element-d9db0bf\" data-id=\"d9db0bf\" data-element_type=\"column\" data-e-type=\"column\">\n\t\t\t<div class=\"elementor-widget-wrap elementor-element-populated\">\n\t\t\t\t\t\t<div class=\"elementor-element elementor-element-7261918 elementor-position-top elementor-widget elementor-widget-image-box\" data-id=\"7261918\" data-element_type=\"widget\" data-e-type=\"widget\" data-widget_type=\"image-box.default\">\n\t\t\t\t<div class=\"elementor-widget-container\">\n\t\t\t\t\t<div class=\"elementor-image-box-wrapper\"><figure class=\"elementor-image-box-img\"><img decoding=\"async\" width=\"902\" height=\"902\" src=\"https:\/\/tavco.fi\/main\/wp-content\/uploads\/2022\/04\/alexriihiahohenkilokuva124-1.png\" class=\"attachment-full size-full wp-image-746\" alt=\"\" srcset=\"https:\/\/tavco.fi\/main\/wp-content\/uploads\/2022\/04\/alexriihiahohenkilokuva124-1.png 902w, https:\/\/tavco.fi\/main\/wp-content\/uploads\/2022\/04\/alexriihiahohenkilokuva124-1-300x300.png 300w, https:\/\/tavco.fi\/main\/wp-content\/uploads\/2022\/04\/alexriihiahohenkilokuva124-1-150x150.png 150w, https:\/\/tavco.fi\/main\/wp-content\/uploads\/2022\/04\/alexriihiahohenkilokuva124-1-768x768.png 768w\" sizes=\"(max-width: 902px) 100vw, 902px\" \/><\/figure><div class=\"elementor-image-box-content\"><h3 class=\"elementor-image-box-title\">Alex Riihiaho<\/h3><p class=\"elementor-image-box-description\">HPJ, MYYNTI JA SOPIMUSASIAT<br>Puh. 040 071 9305<br>alex.riihiaho@tavco.fi<\/p><\/div><\/div>\t\t\t\t<\/div>\n\t\t\t\t<\/div>\n\t\t\t\t\t<\/div>\n\t\t<\/div>\n\t\t\t\t\t<\/div>\n\t\t<\/section>\n\t\t\t\t\t<\/div>\n\t\t<\/div>\n\t\t\t\t\t<\/div>\n\t\t<\/section>\n\t\t\t\t<section class=\"elementor-section elementor-top-section elementor-element elementor-element-1ffdac6 elementor-section-boxed elementor-section-height-default elementor-section-height-default\" data-id=\"1ffdac6\" data-element_type=\"section\" data-e-type=\"section\">\n\t\t\t\t\t\t<div class=\"elementor-container elementor-column-gap-default\">\n\t\t\t\t\t<div class=\"elementor-column elementor-col-100 elementor-top-column elementor-element elementor-element-039c8df\" data-id=\"039c8df\" data-element_type=\"column\" data-e-type=\"column\">\n\t\t\t<div class=\"elementor-widget-wrap elementor-element-populated\">\n\t\t\t\t\t\t<div class=\"elementor-element elementor-element-0288243 elementor-widget elementor-widget-text-editor\" data-id=\"0288243\" data-element_type=\"widget\" data-e-type=\"widget\" data-widget_type=\"text-editor.default\">\n\t\t\t\t<div class=\"elementor-widget-container\">\n\t\t\t\t\t\t\t\t\t<p><strong>LASKUTUS<\/strong><\/p><p><strong>Vastaanotamme ensisijaisesti\u00a0<\/strong><\/p><p><strong>verkkolaskuja<\/strong><\/p><p>Tavco Oy:n Y-tunnus: 3226084-3<\/p><p>Verkkolaskuosoite: 003732260843<\/p><p>Verkkolaskuoperaattori:<\/p><p>OpusCapita Solutions Oy<\/p><p>Operaattorin v\u00e4litt\u00e4j\u00e4tunnus:\u00a0<\/p><p>E204503<\/p><p style=\"font-size: 17px; font-style: normal; font-weight: 400;\">PDF-laskut:\u00a0<span style=\"background-color: var(--ast-global-color-4); color: var(--ast-global-color-3);\">laskutus@tavco.fi<\/span><\/p><p>Paperilaskut:<\/p><p>Tavco Oy<\/p><p>V\u00e4in\u00f6l\u00e4nkatu 2 A 26<\/p><p>33100 TAMPERE<\/p>\t\t\t\t\t\t\t\t<\/div>\n\t\t\t\t<\/div>\n\t\t\t\t\t<\/div>\n\t\t<\/div>\n\t\t\t\t\t<\/div>\n\t\t<\/section>\n\t\t\t\t<\/div>\n\t\t","protected":false},"excerpt":{"rendered":"<p>Yhteys Turo Karnisto TJ, TUOTANTO JA ASIAKKUUDETPuh. 040 071 9304turo.karnisto@tavco.fi Alex Riihiaho HPJ, MYYNTI JA SOPIMUSASIATPuh. 040 071 9305alex.riihiaho@tavco.fi LASKUTUS Vastaanotamme ensisijaisesti\u00a0 verkkolaskuja Tavco Oy:n Y-tunnus: 3226084-3 Verkkolaskuosoite: 003732260843 Verkkolaskuoperaattori: OpusCapita Solutions Oy Operaattorin v\u00e4litt\u00e4j\u00e4tunnus:\u00a0 E204503 PDF-laskut:\u00a0laskutus@tavco.fi Paperilaskut: Tavco Oy V\u00e4in\u00f6l\u00e4nkatu 2 A 26 33100 TAMPERE<\/p>\n","protected":false},"author":1,"featured_media":0,"parent":0,"menu_order":0,"comment_status":"closed","ping_status":"closed","template":"","meta":{"site-sidebar-layout":"no-sidebar","site-content-layout":"page-builder","ast-main-header-display":"","ast-hfb-above-header-display":"","ast-hfb-below-header-display":"","ast-hfb-mobile-header-display":"","site-post-title":"disabled","ast-breadcrumbs-content":"","ast-featured-img":"disabled","footer-sml-layout":"","theme-transparent-header-meta":"","adv-header-id-meta":"","stick-header-meta":"","header-above-stick-meta":"","header-main-stick-meta":"","header-below-stick-meta":"","footnotes":""},"class_list":["post-403","page","type-page","status-publish","hentry"],"yoast_head":"<!-- This site is optimized with the Yoast SEO plugin v27.4 - https:\/\/yoast.com\/product\/yoast-seo-wordpress\/ -->\n<title>Yhteys - Tavco<\/title>\n<meta name=\"robots\" content=\"index, follow, max-snippet:-1, max-image-preview:large, max-video-preview:-1\" \/>\n<link rel=\"canonical\" href=\"https:\/\/tavco.fi\/main\/yhteys\/\" \/>\n<meta property=\"og:locale\" content=\"fi_FI\" \/>\n<meta property=\"og:type\" content=\"article\" \/>\n<meta property=\"og:title\" content=\"Yhteys - Tavco\" \/>\n<meta property=\"og:description\" content=\"Yhteys Turo Karnisto TJ, TUOTANTO JA ASIAKKUUDETPuh. 040 071 9304turo.karnisto@tavco.fi Alex Riihiaho HPJ, MYYNTI JA SOPIMUSASIATPuh. 040 071 9305alex.riihiaho@tavco.fi LASKUTUS Vastaanotamme ensisijaisesti\u00a0 verkkolaskuja Tavco Oy:n Y-tunnus: 3226084-3 Verkkolaskuosoite: 003732260843 Verkkolaskuoperaattori: OpusCapita Solutions Oy Operaattorin v\u00e4litt\u00e4j\u00e4tunnus:\u00a0 E204503 PDF-laskut:\u00a0laskutus@tavco.fi Paperilaskut: Tavco Oy V\u00e4in\u00f6l\u00e4nkatu 2 A 26 33100 TAMPERE\" \/>\n<meta property=\"og:url\" content=\"https:\/\/tavco.fi\/main\/yhteys\/\" \/>\n<meta property=\"og:site_name\" content=\"Tavco\" \/>\n<meta property=\"article:modified_time\" content=\"2026-03-02T21:55:05+00:00\" \/>\n<meta property=\"og:image\" content=\"https:\/\/tavco.fi\/main\/wp-content\/uploads\/2022\/04\/turokarnistohenkilokuva124-1.png\" \/>\n\t<meta property=\"og:image:width\" content=\"902\" \/>\n\t<meta property=\"og:image:height\" content=\"903\" \/>\n\t<meta property=\"og:image:type\" content=\"image\/png\" \/>\n<meta name=\"twitter:card\" content=\"summary_large_image\" \/>\n<meta name=\"twitter:label1\" content=\"Arvioitu lukuaika\" \/>\n\t<meta name=\"twitter:data1\" content=\"1 minuutti\" \/>\n<script type=\"application\/ld+json\" class=\"yoast-schema-graph\">{\"@context\":\"https:\\\/\\\/schema.org\",\"@graph\":[{\"@type\":\"WebPage\",\"@id\":\"https:\\\/\\\/tavco.fi\\\/main\\\/yhteys\\\/\",\"url\":\"https:\\\/\\\/tavco.fi\\\/main\\\/yhteys\\\/\",\"name\":\"Yhteys - Tavco\",\"isPartOf\":{\"@id\":\"https:\\\/\\\/tavco.fi\\\/main\\\/#website\"},\"primaryImageOfPage\":{\"@id\":\"https:\\\/\\\/tavco.fi\\\/main\\\/yhteys\\\/#primaryimage\"},\"image\":{\"@id\":\"https:\\\/\\\/tavco.fi\\\/main\\\/yhteys\\\/#primaryimage\"},\"thumbnailUrl\":\"https:\\\/\\\/tavco.fi\\\/main\\\/wp-content\\\/uploads\\\/2022\\\/04\\\/turokarnistohenkilokuva124-1.png\",\"datePublished\":\"2022-04-06T11:12:02+00:00\",\"dateModified\":\"2026-03-02T21:55:05+00:00\",\"breadcrumb\":{\"@id\":\"https:\\\/\\\/tavco.fi\\\/main\\\/yhteys\\\/#breadcrumb\"},\"inLanguage\":\"fi\",\"potentialAction\":[{\"@type\":\"ReadAction\",\"target\":[\"https:\\\/\\\/tavco.fi\\\/main\\\/yhteys\\\/\"]}]},{\"@type\":\"ImageObject\",\"inLanguage\":\"fi\",\"@id\":\"https:\\\/\\\/tavco.fi\\\/main\\\/yhteys\\\/#primaryimage\",\"url\":\"https:\\\/\\\/tavco.fi\\\/main\\\/wp-content\\\/uploads\\\/2022\\\/04\\\/turokarnistohenkilokuva124-1.png\",\"contentUrl\":\"https:\\\/\\\/tavco.fi\\\/main\\\/wp-content\\\/uploads\\\/2022\\\/04\\\/turokarnistohenkilokuva124-1.png\",\"width\":902,\"height\":903},{\"@type\":\"BreadcrumbList\",\"@id\":\"https:\\\/\\\/tavco.fi\\\/main\\\/yhteys\\\/#breadcrumb\",\"itemListElement\":[{\"@type\":\"ListItem\",\"position\":1,\"name\":\"Home\",\"item\":\"https:\\\/\\\/tavco.fi\\\/main\\\/\"},{\"@type\":\"ListItem\",\"position\":2,\"name\":\"Yhteys\"}]},{\"@type\":\"WebSite\",\"@id\":\"https:\\\/\\\/tavco.fi\\\/main\\\/#website\",\"url\":\"https:\\\/\\\/tavco.fi\\\/main\\\/\",\"name\":\"Tavco\",\"description\":\"Siivouspalvelu\",\"publisher\":{\"@id\":\"https:\\\/\\\/tavco.fi\\\/main\\\/#organization\"},\"potentialAction\":[{\"@type\":\"SearchAction\",\"target\":{\"@type\":\"EntryPoint\",\"urlTemplate\":\"https:\\\/\\\/tavco.fi\\\/main\\\/?s={search_term_string}\"},\"query-input\":{\"@type\":\"PropertyValueSpecification\",\"valueRequired\":true,\"valueName\":\"search_term_string\"}}],\"inLanguage\":\"fi\"},{\"@type\":\"Organization\",\"@id\":\"https:\\\/\\\/tavco.fi\\\/main\\\/#organization\",\"name\":\"Tavco\",\"url\":\"https:\\\/\\\/tavco.fi\\\/main\\\/\",\"logo\":{\"@type\":\"ImageObject\",\"inLanguage\":\"fi\",\"@id\":\"https:\\\/\\\/tavco.fi\\\/main\\\/#\\\/schema\\\/logo\\\/image\\\/\",\"url\":\"https:\\\/\\\/tavco.fi\\\/main\\\/wp-content\\\/uploads\\\/2022\\\/04\\\/TavcoLogo_6.10.2021-1.png\",\"contentUrl\":\"https:\\\/\\\/tavco.fi\\\/main\\\/wp-content\\\/uploads\\\/2022\\\/04\\\/TavcoLogo_6.10.2021-1.png\",\"width\":1199,\"height\":493,\"caption\":\"Tavco\"},\"image\":{\"@id\":\"https:\\\/\\\/tavco.fi\\\/main\\\/#\\\/schema\\\/logo\\\/image\\\/\"}}]}<\/script>\n<!-- \/ Yoast SEO plugin. -->","yoast_head_json":{"title":"Yhteys - Tavco","robots":{"index":"index","follow":"follow","max-snippet":"max-snippet:-1","max-image-preview":"max-image-preview:large","max-video-preview":"max-video-preview:-1"},"canonical":"https:\/\/tavco.fi\/main\/yhteys\/","og_locale":"fi_FI","og_type":"article","og_title":"Yhteys - Tavco","og_description":"Yhteys Turo Karnisto TJ, TUOTANTO JA ASIAKKUUDETPuh. 040 071 9304turo.karnisto@tavco.fi Alex Riihiaho HPJ, MYYNTI JA SOPIMUSASIATPuh. 040 071 9305alex.riihiaho@tavco.fi LASKUTUS Vastaanotamme ensisijaisesti\u00a0 verkkolaskuja Tavco Oy:n Y-tunnus: 3226084-3 Verkkolaskuosoite: 003732260843 Verkkolaskuoperaattori: OpusCapita Solutions Oy Operaattorin v\u00e4litt\u00e4j\u00e4tunnus:\u00a0 E204503 PDF-laskut:\u00a0laskutus@tavco.fi Paperilaskut: Tavco Oy V\u00e4in\u00f6l\u00e4nkatu 2 A 26 33100 TAMPERE","og_url":"https:\/\/tavco.fi\/main\/yhteys\/","og_site_name":"Tavco","article_modified_time":"2026-03-02T21:55:05+00:00","og_image":[{"width":902,"height":903,"url":"https:\/\/tavco.fi\/main\/wp-content\/uploads\/2022\/04\/turokarnistohenkilokuva124-1.png","type":"image\/png"}],"twitter_card":"summary_large_image","twitter_misc":{"Arvioitu lukuaika":"1 minuutti"},"schema":{"@context":"https:\/\/schema.org","@graph":[{"@type":"WebPage","@id":"https:\/\/tavco.fi\/main\/yhteys\/","url":"https:\/\/tavco.fi\/main\/yhteys\/","name":"Yhteys - Tavco","isPartOf":{"@id":"https:\/\/tavco.fi\/main\/#website"},"primaryImageOfPage":{"@id":"https:\/\/tavco.fi\/main\/yhteys\/#primaryimage"},"image":{"@id":"https:\/\/tavco.fi\/main\/yhteys\/#primaryimage"},"thumbnailUrl":"https:\/\/tavco.fi\/main\/wp-content\/uploads\/2022\/04\/turokarnistohenkilokuva124-1.png","datePublished":"2022-04-06T11:12:02+00:00","dateModified":"2026-03-02T21:55:05+00:00","breadcrumb":{"@id":"https:\/\/tavco.fi\/main\/yhteys\/#breadcrumb"},"inLanguage":"fi","potentialAction":[{"@type":"ReadAction","target":["https:\/\/tavco.fi\/main\/yhteys\/"]}]},{"@type":"ImageObject","inLanguage":"fi","@id":"https:\/\/tavco.fi\/main\/yhteys\/#primaryimage","url":"https:\/\/tavco.fi\/main\/wp-content\/uploads\/2022\/04\/turokarnistohenkilokuva124-1.png","contentUrl":"https:\/\/tavco.fi\/main\/wp-content\/uploads\/2022\/04\/turokarnistohenkilokuva124-1.png","width":902,"height":903},{"@type":"BreadcrumbList","@id":"https:\/\/tavco.fi\/main\/yhteys\/#breadcrumb","itemListElement":[{"@type":"ListItem","position":1,"name":"Home","item":"https:\/\/tavco.fi\/main\/"},{"@type":"ListItem","position":2,"name":"Yhteys"}]},{"@type":"WebSite","@id":"https:\/\/tavco.fi\/main\/#website","url":"https:\/\/tavco.fi\/main\/","name":"Tavco","description":"Siivouspalvelu","publisher":{"@id":"https:\/\/tavco.fi\/main\/#organization"},"potentialAction":[{"@type":"SearchAction","target":{"@type":"EntryPoint","urlTemplate":"https:\/\/tavco.fi\/main\/?s={search_term_string}"},"query-input":{"@type":"PropertyValueSpecification","valueRequired":true,"valueName":"search_term_string"}}],"inLanguage":"fi"},{"@type":"Organization","@id":"https:\/\/tavco.fi\/main\/#organization","name":"Tavco","url":"https:\/\/tavco.fi\/main\/","logo":{"@type":"ImageObject","inLanguage":"fi","@id":"https:\/\/tavco.fi\/main\/#\/schema\/logo\/image\/","url":"https:\/\/tavco.fi\/main\/wp-content\/uploads\/2022\/04\/TavcoLogo_6.10.2021-1.png","contentUrl":"https:\/\/tavco.fi\/main\/wp-content\/uploads\/2022\/04\/TavcoLogo_6.10.2021-1.png","width":1199,"height":493,"caption":"Tavco"},"image":{"@id":"https:\/\/tavco.fi\/main\/#\/schema\/logo\/image\/"}}]}},"_links":{"self":[{"href":"https:\/\/tavco.fi\/main\/wp-json\/wp\/v2\/pages\/403","targetHints":{"allow":["GET"]}}],"collection":[{"href":"https:\/\/tavco.fi\/main\/wp-json\/wp\/v2\/pages"}],"about":[{"href":"https:\/\/tavco.fi\/main\/wp-json\/wp\/v2\/types\/page"}],"author":[{"embeddable":true,"href":"https:\/\/tavco.fi\/main\/wp-json\/wp\/v2\/users\/1"}],"replies":[{"embeddable":true,"href":"https:\/\/tavco.fi\/main\/wp-json\/wp\/v2\/comments?post=403"}],"version-history":[{"count":83,"href":"https:\/\/tavco.fi\/main\/wp-json\/wp\/v2\/pages\/403\/revisions"}],"predecessor-version":[{"id":1327,"href":"https:\/\/tavco.fi\/main\/wp-json\/wp\/v2\/pages\/403\/revisions\/1327"}],"wp:attachment":[{"href":"https:\/\/tavco.fi\/main\/wp-json\/wp\/v2\/media?parent=403"}],"curies":[{"name":"wp","href":"https:\/\/api.w.org\/{rel}","templated":true}]}}